{"id":107,"date":"2017-06-26T07:37:07","date_gmt":"2017-06-26T07:37:07","guid":{"rendered":"http:\/\/lambrogas.org\/site\/?page_id=107"},"modified":"2017-06-28T13:07:43","modified_gmt":"2017-06-28T13:07:43","slug":"domande-e-risposte","status":"publish","type":"page","link":"http:\/\/lambrogas.org\/site\/homepage\/domande-e-risposte\/","title":{"rendered":"Domande e Risposte"},"content":{"rendered":"<p><strong><em>Che cos\u2019\u00e8 un G.A.S.?<\/em><\/strong><\/p>\n<p>Un gruppo d\u2019acquisto \u00e8 fatto da persone che decidono di incontrarsi per ridistribuire tra loro prodotti alimentari o di uso comune, acquistati collettivamente e direttamente dai produttori. G.A.S. \u00e8 acronimo di GRUPPO di ACQUISTO SOLIDALE. Un gruppo d\u2019acquisto diventa solidale nel momento in cui decide di utilizzare il concetto di solidariet\u00e0 come criterio guida nella scelta dei prodotti: solidariet\u00e0 nei riguardi dei produttori che forniscono i prodotti, per permettergli di avere un giusto reddito e non essere schiacciati dai monopolisti della distribuzione, nei confronti dell\u2019ambiente, rispetto ai popoli del sud del mondo che subiscono le conseguenze inique di questo modello di sviluppo, ma anche riguardo ai membri stessi del gruppo.<\/p>\n<p><strong><em>Si risparmia aderendo a un GAS? <\/em><\/strong><\/p>\n<p>I prodotti acquistati insieme sono certamente molto meno costosi degli stessi prodotti acquistati in un negozio: i gas, infatti, fanno acquisti piuttosto consistenti e non hanno mediatori, perci\u00f2 ottengono dal produttore le stesse condizioni di un rivenditore. Occorre per\u00f2 attribuire il giusto valore alla qualit\u00e0 dei prodotti, che sono quasi sempre biologici, sempre freschissimi e di buona qualit\u00e0, ottenuti nel rispetto delle condizioni di lavoro di chi li produce e trasparenti dal punto di vista legislativo e fiscale. Un\u2019altra forma di risparmio sta nel <strong>programmare <\/strong>e quindi <strong>limitare gli acquisti<\/strong> allo stretto necessario, cosa che spesso non accade quando si riempie il carrello al supermercato. Senza contare che i prodotti appena raccolti o appena preparati si conservano pi\u00f9 a lungo, e dunque si consumano tutti senza buttare niente, e se ne consumano meno perch\u00e9 pi\u00f9 nutrienti.<\/p>\n<p><strong><em>Perch\u00e8 nasce un GAS?<\/em><\/strong><\/p>\n<p>Ogni GAS nasce per motivazioni proprie, spesso per\u00f2 alla base vi \u00e8 una critica profonda verso il modello di consumo e di economia globale, insieme alla ricerca di una alternativa praticabile da subito.<\/p>\n<p><strong><em>Come funziona Lambrogas?<\/em><\/strong><\/p>\n<p>Lambrogas \u00e8 un gruppo d&#8217;acquisto solidale che interessa la zona di Seregno, Carate Brianza e dintorni.<br \/>\nE&#8217; suddiviso in due sottogruppi \u2013 altolambro e bassolambro &#8211; che raccolgono gli aderenti in funzione della zona abitativa e gestiscono autonomamente le operazioni di raccolta degli ordini e di distribuzione dei prodotti acquistati anche se la maggior parte degli acquisti si effettuano insieme: si evitano due consegne nella stessa zona e, in alcuni casi, pi\u00f9 si ordina maggiore \u00e8 il risparmio.<\/p>\n<p>Ogni sottogruppo elegge al suo interno un responsabile.<\/p>\n<p>Non si esclude che Lambrogas possa \u201cgemmare\u201d nuovamente.<\/p>\n<p><strong><em>Cosa posso acquistare con Lambrogas? Ci sono dei quantitativi minimi?<\/em><\/strong><\/p>\n<p>Alla sezione \u201cIl nostro Gas\u201d \u2013 \u201cDove compriamo\u201d si trova l\u2019elenco degli attuali fornitori. Non c\u2019\u00e8 un quantitativo minimo da rispettare, si acquista in base ai propri consumi.<\/p>\n<p><strong><em>Come si pu\u00f2 aderire a Lambrogas?<\/em><\/strong><\/p>\n<p>Lambrogas \u00e8 un gruppo informale, non costituito in associazione, pertanto non \u00e8 necessaria alcuna formalit\u00e0: basta prendere contatto con noi, condividere i criteri, partecipare ad una prima riunione e poi iniziare a fare gli ordini.<\/p>\n<p>Lambrogas, come tutti i gruppi di acquisto, pu\u00f2 esistere solo se TUTTI gli aderenti ne diventano parte attiva, contribuendo nella gestione e rispettando le attivit\u00e0 svolte dagli altri. E&#8217; importante, perci\u00f2, la partecipazione ai momenti collettivi &#8211; riunione e\/o eventi &#8211; ed essere disposti a <strong>collaborare.<\/strong><\/p>\n<p>Le attivit\u00e0 svolte sono gratuite, di VOLONTARIATO.<\/p>\n<p><strong><em>Ma,<\/em><\/strong><strong><em> in pratica, come si fa?<\/em><\/strong><\/p>\n<p>Non \u00e8 complicato: per ogni produttore scelto, si individua un referente, il quale si occupa di raccogliere gli ordini, di comunicarli al produttore prima e in seguito di organizzare la consegna e la distribuzione dei prodotti. Per evitare che questo carico di lavoro ricada solo su alcune persone, si prevede una turnazione dei referenti; in linea di massima ciascuno \u00e8 referente per un produttore.<\/p>\n<p>Strumenti privilegiati per le comunicazioni e, in particolare, per la raccolta ordini sono questo sito internet e la\u00a0 posta elettronica. Se qualcuno fosse impossibilitato o in difficolt\u00e0 a utilizzare questi strumenti potr\u00e0 &#8211; in pieno spirito solidaristico! &#8211; chiedere aiuto o delegare altri.<\/p>\n<p>Le ordinazioni vengono raccolte dai singoli referenti, in genere, in date prefissate\u00a0 e tutti sono invitati a rispettare sia le date di invio dei propri ordini\u00a0 che il ritiro dei prodotti ordinati nel pi\u00f9 breve tempo possibile. Unica eccezione: in caso di prodotti deteriorabili il ritiro deve esserre effettuato nella medesima giornata in cui sono consegnati al referente.<\/p>\n<p>I nostri fornitori hanno bisogno di qualche tempo per confezionare i prodotti: sar\u00e0 cura di ogni referente comunicare l&#8217;arrivo del prodotto e dove\/quando ritirarlo, tranne che per &#8221; il fresco&#8221; per cui il giorno, il luogo e l&#8217;ora dal ritiro sono fissate apriori.<\/p>\n<p>Non sempre il prodotto richiesto pu\u00f2 essere consegnato: se si tratta di un prodotto non disponibile per stagionalit\u00e0 non verr\u00e0 sostituito se il problema\u00a0 \u00e8 l&#8217;eventuale quantitativo minimo da raggiungere (caso tipico \u00e8 la pasta) si pu\u00f2 valutare una sostituzione.<\/p>\n<p>Laddove siano fissati dei costi di trasporto, questi verranno suddivisi tra gli acquirenti.<\/p>\n<p>Per i pagamenti ci si pu\u00f2 organizzare fondamentalmente in tre modi: quando \u00e8 il referente a ritirare i prodotti anticipa il denaro, che poi \u201criscuote\u201d alla consegna da coloro che hanno ordinato i prodotti; nel caso di ordini di entit\u00e0 consistente, i referenti possono farsi anticipare il denaro al momento dell&#8217;ordine. Infine, ed \u00e8 la soluzione pi\u00f9 praticata, con i produttori \u201cstorici\u201d si paga al momento della riscossione con bonifico bancario. In tutti i casi il fornitore dovr\u00e0 emettere regolare documento fiscale, in base alle norme vigenti.<\/p>\n<p>E&#8217; da escludersi qualunque tipo di responsabilit\u00e0 &#8211; sui prodotti e sulla conservazione &#8211; da parte di chi si incarica del ritiro e della distribuzione della merce.<\/p>\n<p><strong><em>Ci sono delle spese ?<\/em><\/strong><\/p>\n<p>Al momento l&#8217;unica spesa \u00e8 quella per la gestione di questo sito e per altre piccole spese, circa 5 euro a famiglia ogni anno.<\/p>\n<p><strong><em>Siete un movimento politico o religioso ?<\/em><\/strong><\/p>\n<p>Lambrogas \u00e8 un gruppo eterogeneo, aconfessionale e apolitico.<\/p>\n","protected":false},"excerpt":{"rendered":"<p>Che cos\u2019\u00e8 un G.A.S.? Un gruppo d\u2019acquisto \u00e8 fatto da persone che decidono di incontrarsi per ridistribuire tra loro prodotti alimentari o di uso comune, acquistati collettivamente e direttamente dai produttori. G.A.S. \u00e8 acronimo di GRUPPO di ACQUISTO SOLIDALE. Un gruppo d\u2019acquisto diventa solidale nel momento in cui decide di utilizzare il concetto di solidariet\u00e0 [&hellip;]<\/p>\n","protected":false},"author":1,"featured_media":0,"parent":7,"menu_order":0,"comment_status":"closed","ping_status":"closed","template":"","meta":[],"_links":{"self":[{"href":"http:\/\/lambrogas.org\/site\/wp-json\/wp\/v2\/pages\/107"}],"collection":[{"href":"http:\/\/lambrogas.org\/site\/wp-json\/wp\/v2\/pages"}],"about":[{"href":"http:\/\/lambrogas.org\/site\/wp-json\/wp\/v2\/types\/page"}],"author":[{"embeddable":true,"href":"http:\/\/lambrogas.org\/site\/wp-json\/wp\/v2\/users\/1"}],"replies":[{"embeddable":true,"href":"http:\/\/lambrogas.org\/site\/wp-json\/wp\/v2\/comments?post=107"}],"version-history":[{"count":2,"href":"http:\/\/lambrogas.org\/site\/wp-json\/wp\/v2\/pages\/107\/revisions"}],"predecessor-version":[{"id":112,"href":"http:\/\/lambrogas.org\/site\/wp-json\/wp\/v2\/pages\/107\/revisions\/112"}],"up":[{"embeddable":true,"href":"http:\/\/lambrogas.org\/site\/wp-json\/wp\/v2\/pages\/7"}],"wp:attachment":[{"href":"http:\/\/lambrogas.org\/site\/wp-json\/wp\/v2\/media?parent=107"}],"curies":[{"name":"wp","href":"https:\/\/api.w.org\/{rel}","templated":true}]}}